{"id":5607,"date":"2026-04-11T15:11:42","date_gmt":"2026-04-11T14:11:42","guid":{"rendered":"https:\/\/www.hsvalmere.nl\/wca\/?page_id=5607"},"modified":"2026-04-11T15:13:41","modified_gmt":"2026-04-11T14:13:41","slug":"competitie-2026","status":"publish","type":"page","link":"https:\/\/www.hsvalmere.nl\/wca\/competitie-2026\/","title":{"rendered":"Competitie 2026"},"content":{"rendered":"<p><img loading=\"lazy\" decoding=\"async\" class=\"alignnone wp-image-5609\" src=\"https:\/\/www.hsvalmere.nl\/wca\/files\/2026\/04\/Competitie-feeder-1.jpg\" alt=\"\" width=\"800\" height=\"714\" srcset=\"https:\/\/www.hsvalmere.nl\/wca\/files\/2026\/04\/Competitie-feeder-1-980x875.jpg 980w, https:\/\/www.hsvalmere.nl\/wca\/files\/2026\/04\/Competitie-feeder-1-480x429.jpg 480w\" sizes=\"(min-width: 0px) and (max-width: 480px) 480px, (min-width: 481px) and (max-width: 980px) 980px, 100vw\" \/><\/p>\n<p><span style=\"color: #ffffff;\">.<\/span><\/p>\n<p><span style=\"font-size: 14pt;\">Voor de competitie gelden de volgende regels:<\/span><\/p>\n<ul>\n<li>de 4 hoogste scores van de 5 wedstrijden tellen mee, iedere deelnemer heeft dus 1 \u2018afschrijver\u2019;<\/li>\n<li>de winnaar krijgt 10 punten, de 2e krijgt er 9 enz.;<\/li>\n<li>bij een gelijkspel om bv de 2e plek krijgen beide deelnemers 9 punten. Degene die 3e wordt (formeel dan 4e) krijgt er dan 7. Eindigen er 3 deelnemers op de 2e plek, dan krijgt degene die 3e wordt 6 punten (formeel ben je 5e);<\/li>\n<li>de winnaar van de competitie is degene met de meeste punten. Bij een gelijkspel wordt er een korte Bingo gespeeld;<\/li>\n<li>g\u00e9\u00e9n vis betekent g\u00e9\u00e9n punten.<\/li>\n<li>het geldende reglement\u00a0<a href=\"https:\/\/www.hsvalmere.nl\/wca\/standaard-reglement\/\">vindt u hier<\/a>;<\/li>\n<li>u vindt alle datums\u00a0<a href=\"https:\/\/www.hsvalmere.nl\/wca\/wedstrijden-2026\/\">via deze link<\/a>;<\/li>\n<li>locatie: dat bekijken we per wedstrijd i.v.m. bevisbaarheid.<\/li>\n<\/ul>\n","protected":false},"excerpt":{"rendered":"<p>. Voor de competitie gelden de volgende regels: de 4 hoogste scores van de 5 wedstrijden tellen mee, iedere deelnemer heeft dus 1 \u2018afschrijver\u2019; de winnaar krijgt 10 punten, de 2e krijgt er 9 enz.; bij een gelijkspel om bv de 2e plek krijgen beide deelnemers 9 punten. Degene die 3e wordt (formeel dan 4e) [&hellip;]<\/p>\n","protected":false},"author":1,"featured_media":0,"parent":0,"menu_order":0,"comment_status":"closed","ping_status":"closed","template":"","meta":{"_et_pb_use_builder":"","_et_pb_old_content":"","_et_gb_content_width":"","footnotes":""},"class_list":["post-5607","page","type-page","status-publish","hentry"],"yoast_head":"<!-- This site is optimized with the Yoast SEO plugin v27.4 - https:\/\/yoast.com\/product\/yoast-seo-wordpress\/ -->\n<title>Competitie 2026 - Witvis Commissie<\/title>\n<meta name=\"robots\" content=\"index, follow, max-snippet:-1, max-image-preview:large, max-video-preview:-1\" \/>\n<link rel=\"canonical\" href=\"https:\/\/www.hsvalmere.nl\/wca\/competitie-2026\/\" \/>\n<meta property=\"og:locale\" content=\"nl_NL\" \/>\n<meta property=\"og:type\" content=\"article\" \/>\n<meta property=\"og:title\" content=\"Competitie 2026 - Witvis Commissie\" \/>\n<meta property=\"og:description\" content=\". Voor de competitie gelden de volgende regels: de 4 hoogste scores van de 5 wedstrijden tellen mee, iedere deelnemer heeft dus 1 \u2018afschrijver\u2019; de winnaar krijgt 10 punten, de 2e krijgt er 9 enz.; bij een gelijkspel om bv de 2e plek krijgen beide deelnemers 9 punten. Degene die 3e wordt (formeel dan 4e) [&hellip;]\" \/>\n<meta property=\"og:url\" content=\"https:\/\/www.hsvalmere.nl\/wca\/competitie-2026\/\" \/>\n<meta property=\"og:site_name\" content=\"Witvis Commissie\" \/>\n<meta property=\"article:modified_time\" content=\"2026-04-11T14:13:41+00:00\" \/>\n<meta property=\"og:image\" content=\"https:\/\/www.hsvalmere.nl\/wca\/files\/2026\/04\/Competitie-feeder-1.jpg\" \/>\n\t<meta property=\"og:image:width\" content=\"1111\" \/>\n\t<meta property=\"og:image:height\" content=\"992\" \/>\n\t<meta property=\"og:image:type\" content=\"image\/jpeg\" \/>\n<meta name=\"twitter:card\" content=\"summary_large_image\" \/>\n<meta name=\"twitter:label1\" content=\"Geschatte leestijd\" \/>\n\t<meta name=\"twitter:data1\" content=\"1 minuut\" \/>\n<script type=\"application\/ld+json\" class=\"yoast-schema-graph\">{\"@context\":\"https:\\\/\\\/schema.org\",\"@graph\":[{\"@type\":\"WebPage\",\"@id\":\"https:\\\/\\\/www.hsvalmere.nl\\\/wca\\\/competitie-2026\\\/\",\"url\":\"https:\\\/\\\/www.hsvalmere.nl\\\/wca\\\/competitie-2026\\\/\",\"name\":\"Competitie 2026 - Witvis Commissie\",\"isPartOf\":{\"@id\":\"https:\\\/\\\/www.hsvalmere.nl\\\/wca\\\/#website\"},\"primaryImageOfPage\":{\"@id\":\"https:\\\/\\\/www.hsvalmere.nl\\\/wca\\\/competitie-2026\\\/#primaryimage\"},\"image\":{\"@id\":\"https:\\\/\\\/www.hsvalmere.nl\\\/wca\\\/competitie-2026\\\/#primaryimage\"},\"thumbnailUrl\":\"https:\\\/\\\/www.hsvalmere.nl\\\/wca\\\/files\\\/2026\\\/04\\\/Competitie-feeder-1.jpg\",\"datePublished\":\"2026-04-11T14:11:42+00:00\",\"dateModified\":\"2026-04-11T14:13:41+00:00\",\"breadcrumb\":{\"@id\":\"https:\\\/\\\/www.hsvalmere.nl\\\/wca\\\/competitie-2026\\\/#breadcrumb\"},\"inLanguage\":\"nl-NL\",\"potentialAction\":[{\"@type\":\"ReadAction\",\"target\":[\"https:\\\/\\\/www.hsvalmere.nl\\\/wca\\\/competitie-2026\\\/\"]}]},{\"@type\":\"ImageObject\",\"inLanguage\":\"nl-NL\",\"@id\":\"https:\\\/\\\/www.hsvalmere.nl\\\/wca\\\/competitie-2026\\\/#primaryimage\",\"url\":\"https:\\\/\\\/www.hsvalmere.nl\\\/wca\\\/files\\\/2026\\\/04\\\/Competitie-feeder-1.jpg\",\"contentUrl\":\"https:\\\/\\\/www.hsvalmere.nl\\\/wca\\\/files\\\/2026\\\/04\\\/Competitie-feeder-1.jpg\",\"width\":1111,\"height\":992},{\"@type\":\"BreadcrumbList\",\"@id\":\"https:\\\/\\\/www.hsvalmere.nl\\\/wca\\\/competitie-2026\\\/#breadcrumb\",\"itemListElement\":[{\"@type\":\"ListItem\",\"position\":1,\"name\":\"Home\",\"item\":\"https:\\\/\\\/www.hsvalmere.nl\\\/wca\\\/\"},{\"@type\":\"ListItem\",\"position\":2,\"name\":\"Competitie 2026\"}]},{\"@type\":\"WebSite\",\"@id\":\"https:\\\/\\\/www.hsvalmere.nl\\\/wca\\\/#website\",\"url\":\"https:\\\/\\\/www.hsvalmere.nl\\\/wca\\\/\",\"name\":\"Witvis Commissie\",\"description\":\"Hengelsportvereniging Almere\",\"potentialAction\":[{\"@type\":\"SearchAction\",\"target\":{\"@type\":\"EntryPoint\",\"urlTemplate\":\"https:\\\/\\\/www.hsvalmere.nl\\\/wca\\\/?s={search_term_string}\"},\"query-input\":{\"@type\":\"PropertyValueSpecification\",\"valueRequired\":true,\"valueName\":\"search_term_string\"}}],\"inLanguage\":\"nl-NL\"}]}<\/script>\n<!-- \/ Yoast SEO plugin. -->","yoast_head_json":{"title":"Competitie 2026 - Witvis Commissie","robots":{"index":"index","follow":"follow","max-snippet":"max-snippet:-1","max-image-preview":"max-image-preview:large","max-video-preview":"max-video-preview:-1"},"canonical":"https:\/\/www.hsvalmere.nl\/wca\/competitie-2026\/","og_locale":"nl_NL","og_type":"article","og_title":"Competitie 2026 - Witvis Commissie","og_description":". Voor de competitie gelden de volgende regels: de 4 hoogste scores van de 5 wedstrijden tellen mee, iedere deelnemer heeft dus 1 \u2018afschrijver\u2019; de winnaar krijgt 10 punten, de 2e krijgt er 9 enz.; bij een gelijkspel om bv de 2e plek krijgen beide deelnemers 9 punten. Degene die 3e wordt (formeel dan 4e) [&hellip;]","og_url":"https:\/\/www.hsvalmere.nl\/wca\/competitie-2026\/","og_site_name":"Witvis Commissie","article_modified_time":"2026-04-11T14:13:41+00:00","og_image":[{"width":1111,"height":992,"url":"https:\/\/www.hsvalmere.nl\/wca\/files\/2026\/04\/Competitie-feeder-1.jpg","type":"image\/jpeg"}],"twitter_card":"summary_large_image","twitter_misc":{"Geschatte leestijd":"1 minuut"},"schema":{"@context":"https:\/\/schema.org","@graph":[{"@type":"WebPage","@id":"https:\/\/www.hsvalmere.nl\/wca\/competitie-2026\/","url":"https:\/\/www.hsvalmere.nl\/wca\/competitie-2026\/","name":"Competitie 2026 - Witvis Commissie","isPartOf":{"@id":"https:\/\/www.hsvalmere.nl\/wca\/#website"},"primaryImageOfPage":{"@id":"https:\/\/www.hsvalmere.nl\/wca\/competitie-2026\/#primaryimage"},"image":{"@id":"https:\/\/www.hsvalmere.nl\/wca\/competitie-2026\/#primaryimage"},"thumbnailUrl":"https:\/\/www.hsvalmere.nl\/wca\/files\/2026\/04\/Competitie-feeder-1.jpg","datePublished":"2026-04-11T14:11:42+00:00","dateModified":"2026-04-11T14:13:41+00:00","breadcrumb":{"@id":"https:\/\/www.hsvalmere.nl\/wca\/competitie-2026\/#breadcrumb"},"inLanguage":"nl-NL","potentialAction":[{"@type":"ReadAction","target":["https:\/\/www.hsvalmere.nl\/wca\/competitie-2026\/"]}]},{"@type":"ImageObject","inLanguage":"nl-NL","@id":"https:\/\/www.hsvalmere.nl\/wca\/competitie-2026\/#primaryimage","url":"https:\/\/www.hsvalmere.nl\/wca\/files\/2026\/04\/Competitie-feeder-1.jpg","contentUrl":"https:\/\/www.hsvalmere.nl\/wca\/files\/2026\/04\/Competitie-feeder-1.jpg","width":1111,"height":992},{"@type":"BreadcrumbList","@id":"https:\/\/www.hsvalmere.nl\/wca\/competitie-2026\/#breadcrumb","itemListElement":[{"@type":"ListItem","position":1,"name":"Home","item":"https:\/\/www.hsvalmere.nl\/wca\/"},{"@type":"ListItem","position":2,"name":"Competitie 2026"}]},{"@type":"WebSite","@id":"https:\/\/www.hsvalmere.nl\/wca\/#website","url":"https:\/\/www.hsvalmere.nl\/wca\/","name":"Witvis Commissie","description":"Hengelsportvereniging Almere","potentialAction":[{"@type":"SearchAction","target":{"@type":"EntryPoint","urlTemplate":"https:\/\/www.hsvalmere.nl\/wca\/?s={search_term_string}"},"query-input":{"@type":"PropertyValueSpecification","valueRequired":true,"valueName":"search_term_string"}}],"inLanguage":"nl-NL"}]}},"_links":{"self":[{"href":"https:\/\/www.hsvalmere.nl\/wca\/wp-json\/wp\/v2\/pages\/5607","targetHints":{"allow":["GET"]}}],"collection":[{"href":"https:\/\/www.hsvalmere.nl\/wca\/wp-json\/wp\/v2\/pages"}],"about":[{"href":"https:\/\/www.hsvalmere.nl\/wca\/wp-json\/wp\/v2\/types\/page"}],"author":[{"embeddable":true,"href":"https:\/\/www.hsvalmere.nl\/wca\/wp-json\/wp\/v2\/users\/1"}],"replies":[{"embeddable":true,"href":"https:\/\/www.hsvalmere.nl\/wca\/wp-json\/wp\/v2\/comments?post=5607"}],"version-history":[{"count":4,"href":"https:\/\/www.hsvalmere.nl\/wca\/wp-json\/wp\/v2\/pages\/5607\/revisions"}],"predecessor-version":[{"id":5613,"href":"https:\/\/www.hsvalmere.nl\/wca\/wp-json\/wp\/v2\/pages\/5607\/revisions\/5613"}],"wp:attachment":[{"href":"https:\/\/www.hsvalmere.nl\/wca\/wp-json\/wp\/v2\/media?parent=5607"}],"curies":[{"name":"wp","href":"https:\/\/api.w.org\/{rel}","templated":true}]}}