{"id":5090,"date":"2025-09-11T19:10:39","date_gmt":"2025-09-11T18:10:39","guid":{"rendered":"https:\/\/www.hsvalmere.nl\/wca\/?page_id=5090"},"modified":"2025-10-14T19:43:21","modified_gmt":"2025-10-14T18:43:21","slug":"inschrijven-2026","status":"publish","type":"page","link":"https:\/\/www.hsvalmere.nl\/wca\/inschrijven-2026\/","title":{"rendered":"Inschrijven 2026"},"content":{"rendered":"<p><img loading=\"lazy\" decoding=\"async\" class=\"alignnone size-full wp-image-3645\" src=\"https:\/\/www.hsvalmere.nl\/wca\/files\/2023\/08\/001-1.jpg\" alt=\"\" width=\"800\" height=\"211\" srcset=\"https:\/\/www.hsvalmere.nl\/wca\/files\/2023\/08\/001-1.jpg 800w, https:\/\/www.hsvalmere.nl\/wca\/files\/2023\/08\/001-1-480x127.jpg 480w\" sizes=\"(min-width: 0px) and (max-width: 480px) 480px, (min-width: 481px) 800px, 100vw\" \/><\/p>\n<p>Deelname aan onze wedstrijden is \u00f3\u00f3k in 2026 weer kosteloos voor leden van HSV Almere. Leden van andere bij de SportvisUnie aangesloten HSV\u2019en betalen eenmalig 20 euro middels de aanschaf van <a href=\"https:\/\/www.vispas.nl\/home\" target=\"_blank\" rel=\"noopener\">een sub-lidmaatschap bij HSV Almere<\/a> en kunnen dan deelnemen aan \u00e1lle activiteiten van HSV Almere. Liefhebbers die niet in het bezit zijn van een VISpas dienen een volledig lidmaatschap aan te gaan.<\/p>\n<p>inschrijven kan voor iedere wedstrijd t\u00f3t 36 uur v\u00f3\u00f3r aanvang van de betreffende wedstrijd via <a href=\"mailto:info@hsvalmere.nl\">info@hsvalmere.nl<\/a>. Geef wanneer u voor de eerste keer meedoet de volgende informatie door:<\/p>\n<ol>\n<li>of u lid wilt worden van de <a href=\"https:\/\/www.hsvalmere.nl\/wca\/nieuw-feederclub-hsv-almere\/\">Feederclub Almere<\/a>;<\/li>\n<li>voor welke wedstrijd u wilt inschrijven;<\/li>\n<li>uw naam;<\/li>\n<li>uw 06 nummer;<\/li>\n<li>vist u met een koppelmaat? Geef zijn of haar gegevens dan ook meteen even door.<\/li>\n<\/ol>\n<p>Heeft u eerder meegedaan en zijn uw gegevens bij ons bekend? Dan volstaat een WhatsApp berichtje.<\/p>\n<p><span style=\"color: #ffffff;\">.<\/span><br \/>\n<span style=\"font-size: 14pt;\">Bevestiging inschrijving<\/span><br \/>\nNa de inschrijving ontvangt u van ons een bevestiging. Na 3 dagen nog geen bevestiging ontvangen? Stuur dan nogmaals een berichtje.<\/p>\n<p><span style=\"color: #ffffff;\">.<\/span><br \/>\n<span style=\"font-size: 14pt;\">Na inschrijving alsnog verhinderd?<\/span><br \/>\nMocht u na uw inschrijving onverhoopt toch verhinderd zijn, wilt u dit dan tijdig even melden bij de organisatie zodat er geen open plekken op het parcours ontstaan? Hartelijk dank voor de medewerking.<br \/>\n<span style=\"color: #ffffff;\">.<\/span><\/p>\n","protected":false},"excerpt":{"rendered":"<p>Deelname aan onze wedstrijden is \u00f3\u00f3k in 2026 weer kosteloos voor leden van HSV Almere. Leden van andere bij de SportvisUnie aangesloten HSV\u2019en betalen eenmalig 20 euro middels de aanschaf van een sub-lidmaatschap bij HSV Almere en kunnen dan deelnemen aan \u00e1lle activiteiten van HSV Almere. Liefhebbers die niet in het bezit zijn van een [&hellip;]<\/p>\n","protected":false},"author":1,"featured_media":0,"parent":0,"menu_order":0,"comment_status":"closed","ping_status":"closed","template":"","meta":{"_et_pb_use_builder":"","_et_pb_old_content":"","_et_gb_content_width":"","footnotes":""},"class_list":["post-5090","page","type-page","status-publish","hentry"],"yoast_head":"<!-- This site is optimized with the Yoast SEO plugin v27.4 - https:\/\/yoast.com\/product\/yoast-seo-wordpress\/ -->\n<title>Inschrijven 2026 - Witvis Commissie<\/title>\n<meta name=\"robots\" content=\"index, follow, max-snippet:-1, max-image-preview:large, max-video-preview:-1\" \/>\n<link rel=\"canonical\" href=\"https:\/\/www.hsvalmere.nl\/wca\/inschrijven-2026\/\" \/>\n<meta property=\"og:locale\" content=\"nl_NL\" \/>\n<meta property=\"og:type\" content=\"article\" \/>\n<meta property=\"og:title\" content=\"Inschrijven 2026 - Witvis Commissie\" \/>\n<meta property=\"og:description\" content=\"Deelname aan onze wedstrijden is \u00f3\u00f3k in 2026 weer kosteloos voor leden van HSV Almere. Leden van andere bij de SportvisUnie aangesloten HSV\u2019en betalen eenmalig 20 euro middels de aanschaf van een sub-lidmaatschap bij HSV Almere en kunnen dan deelnemen aan \u00e1lle activiteiten van HSV Almere. Liefhebbers die niet in het bezit zijn van een [&hellip;]\" \/>\n<meta property=\"og:url\" content=\"https:\/\/www.hsvalmere.nl\/wca\/inschrijven-2026\/\" \/>\n<meta property=\"og:site_name\" content=\"Witvis Commissie\" \/>\n<meta property=\"article:modified_time\" content=\"2025-10-14T18:43:21+00:00\" \/>\n<meta property=\"og:image\" content=\"https:\/\/www.hsvalmere.nl\/wca\/files\/2023\/08\/001-1.jpg\" \/>\n\t<meta property=\"og:image:width\" content=\"800\" \/>\n\t<meta property=\"og:image:height\" content=\"211\" \/>\n\t<meta property=\"og:image:type\" content=\"image\/jpeg\" \/>\n<meta name=\"twitter:card\" content=\"summary_large_image\" \/>\n<meta name=\"twitter:label1\" content=\"Geschatte leestijd\" \/>\n\t<meta name=\"twitter:data1\" content=\"2 minuten\" \/>\n<script type=\"application\/ld+json\" class=\"yoast-schema-graph\">{\"@context\":\"https:\\\/\\\/schema.org\",\"@graph\":[{\"@type\":\"WebPage\",\"@id\":\"https:\\\/\\\/www.hsvalmere.nl\\\/wca\\\/inschrijven-2026\\\/\",\"url\":\"https:\\\/\\\/www.hsvalmere.nl\\\/wca\\\/inschrijven-2026\\\/\",\"name\":\"Inschrijven 2026 - Witvis Commissie\",\"isPartOf\":{\"@id\":\"https:\\\/\\\/www.hsvalmere.nl\\\/wca\\\/#website\"},\"primaryImageOfPage\":{\"@id\":\"https:\\\/\\\/www.hsvalmere.nl\\\/wca\\\/inschrijven-2026\\\/#primaryimage\"},\"image\":{\"@id\":\"https:\\\/\\\/www.hsvalmere.nl\\\/wca\\\/inschrijven-2026\\\/#primaryimage\"},\"thumbnailUrl\":\"https:\\\/\\\/www.hsvalmere.nl\\\/wca\\\/files\\\/2023\\\/08\\\/001-1.jpg\",\"datePublished\":\"2025-09-11T18:10:39+00:00\",\"dateModified\":\"2025-10-14T18:43:21+00:00\",\"breadcrumb\":{\"@id\":\"https:\\\/\\\/www.hsvalmere.nl\\\/wca\\\/inschrijven-2026\\\/#breadcrumb\"},\"inLanguage\":\"nl-NL\",\"potentialAction\":[{\"@type\":\"ReadAction\",\"target\":[\"https:\\\/\\\/www.hsvalmere.nl\\\/wca\\\/inschrijven-2026\\\/\"]}]},{\"@type\":\"ImageObject\",\"inLanguage\":\"nl-NL\",\"@id\":\"https:\\\/\\\/www.hsvalmere.nl\\\/wca\\\/inschrijven-2026\\\/#primaryimage\",\"url\":\"https:\\\/\\\/www.hsvalmere.nl\\\/wca\\\/files\\\/2023\\\/08\\\/001-1.jpg\",\"contentUrl\":\"https:\\\/\\\/www.hsvalmere.nl\\\/wca\\\/files\\\/2023\\\/08\\\/001-1.jpg\",\"width\":800,\"height\":211},{\"@type\":\"BreadcrumbList\",\"@id\":\"https:\\\/\\\/www.hsvalmere.nl\\\/wca\\\/inschrijven-2026\\\/#breadcrumb\",\"itemListElement\":[{\"@type\":\"ListItem\",\"position\":1,\"name\":\"Home\",\"item\":\"https:\\\/\\\/www.hsvalmere.nl\\\/wca\\\/\"},{\"@type\":\"ListItem\",\"position\":2,\"name\":\"Inschrijven 2026\"}]},{\"@type\":\"WebSite\",\"@id\":\"https:\\\/\\\/www.hsvalmere.nl\\\/wca\\\/#website\",\"url\":\"https:\\\/\\\/www.hsvalmere.nl\\\/wca\\\/\",\"name\":\"Witvis Commissie\",\"description\":\"Hengelsportvereniging Almere\",\"potentialAction\":[{\"@type\":\"SearchAction\",\"target\":{\"@type\":\"EntryPoint\",\"urlTemplate\":\"https:\\\/\\\/www.hsvalmere.nl\\\/wca\\\/?s={search_term_string}\"},\"query-input\":{\"@type\":\"PropertyValueSpecification\",\"valueRequired\":true,\"valueName\":\"search_term_string\"}}],\"inLanguage\":\"nl-NL\"}]}<\/script>\n<!-- \/ Yoast SEO plugin. -->","yoast_head_json":{"title":"Inschrijven 2026 - Witvis Commissie","robots":{"index":"index","follow":"follow","max-snippet":"max-snippet:-1","max-image-preview":"max-image-preview:large","max-video-preview":"max-video-preview:-1"},"canonical":"https:\/\/www.hsvalmere.nl\/wca\/inschrijven-2026\/","og_locale":"nl_NL","og_type":"article","og_title":"Inschrijven 2026 - Witvis Commissie","og_description":"Deelname aan onze wedstrijden is \u00f3\u00f3k in 2026 weer kosteloos voor leden van HSV Almere. Leden van andere bij de SportvisUnie aangesloten HSV\u2019en betalen eenmalig 20 euro middels de aanschaf van een sub-lidmaatschap bij HSV Almere en kunnen dan deelnemen aan \u00e1lle activiteiten van HSV Almere. Liefhebbers die niet in het bezit zijn van een [&hellip;]","og_url":"https:\/\/www.hsvalmere.nl\/wca\/inschrijven-2026\/","og_site_name":"Witvis Commissie","article_modified_time":"2025-10-14T18:43:21+00:00","og_image":[{"width":800,"height":211,"url":"https:\/\/www.hsvalmere.nl\/wca\/files\/2023\/08\/001-1.jpg","type":"image\/jpeg"}],"twitter_card":"summary_large_image","twitter_misc":{"Geschatte leestijd":"2 minuten"},"schema":{"@context":"https:\/\/schema.org","@graph":[{"@type":"WebPage","@id":"https:\/\/www.hsvalmere.nl\/wca\/inschrijven-2026\/","url":"https:\/\/www.hsvalmere.nl\/wca\/inschrijven-2026\/","name":"Inschrijven 2026 - Witvis Commissie","isPartOf":{"@id":"https:\/\/www.hsvalmere.nl\/wca\/#website"},"primaryImageOfPage":{"@id":"https:\/\/www.hsvalmere.nl\/wca\/inschrijven-2026\/#primaryimage"},"image":{"@id":"https:\/\/www.hsvalmere.nl\/wca\/inschrijven-2026\/#primaryimage"},"thumbnailUrl":"https:\/\/www.hsvalmere.nl\/wca\/files\/2023\/08\/001-1.jpg","datePublished":"2025-09-11T18:10:39+00:00","dateModified":"2025-10-14T18:43:21+00:00","breadcrumb":{"@id":"https:\/\/www.hsvalmere.nl\/wca\/inschrijven-2026\/#breadcrumb"},"inLanguage":"nl-NL","potentialAction":[{"@type":"ReadAction","target":["https:\/\/www.hsvalmere.nl\/wca\/inschrijven-2026\/"]}]},{"@type":"ImageObject","inLanguage":"nl-NL","@id":"https:\/\/www.hsvalmere.nl\/wca\/inschrijven-2026\/#primaryimage","url":"https:\/\/www.hsvalmere.nl\/wca\/files\/2023\/08\/001-1.jpg","contentUrl":"https:\/\/www.hsvalmere.nl\/wca\/files\/2023\/08\/001-1.jpg","width":800,"height":211},{"@type":"BreadcrumbList","@id":"https:\/\/www.hsvalmere.nl\/wca\/inschrijven-2026\/#breadcrumb","itemListElement":[{"@type":"ListItem","position":1,"name":"Home","item":"https:\/\/www.hsvalmere.nl\/wca\/"},{"@type":"ListItem","position":2,"name":"Inschrijven 2026"}]},{"@type":"WebSite","@id":"https:\/\/www.hsvalmere.nl\/wca\/#website","url":"https:\/\/www.hsvalmere.nl\/wca\/","name":"Witvis Commissie","description":"Hengelsportvereniging Almere","potentialAction":[{"@type":"SearchAction","target":{"@type":"EntryPoint","urlTemplate":"https:\/\/www.hsvalmere.nl\/wca\/?s={search_term_string}"},"query-input":{"@type":"PropertyValueSpecification","valueRequired":true,"valueName":"search_term_string"}}],"inLanguage":"nl-NL"}]}},"_links":{"self":[{"href":"https:\/\/www.hsvalmere.nl\/wca\/wp-json\/wp\/v2\/pages\/5090","targetHints":{"allow":["GET"]}}],"collection":[{"href":"https:\/\/www.hsvalmere.nl\/wca\/wp-json\/wp\/v2\/pages"}],"about":[{"href":"https:\/\/www.hsvalmere.nl\/wca\/wp-json\/wp\/v2\/types\/page"}],"author":[{"embeddable":true,"href":"https:\/\/www.hsvalmere.nl\/wca\/wp-json\/wp\/v2\/users\/1"}],"replies":[{"embeddable":true,"href":"https:\/\/www.hsvalmere.nl\/wca\/wp-json\/wp\/v2\/comments?post=5090"}],"version-history":[{"count":2,"href":"https:\/\/www.hsvalmere.nl\/wca\/wp-json\/wp\/v2\/pages\/5090\/revisions"}],"predecessor-version":[{"id":5310,"href":"https:\/\/www.hsvalmere.nl\/wca\/wp-json\/wp\/v2\/pages\/5090\/revisions\/5310"}],"wp:attachment":[{"href":"https:\/\/www.hsvalmere.nl\/wca\/wp-json\/wp\/v2\/media?parent=5090"}],"curies":[{"name":"wp","href":"https:\/\/api.w.org\/{rel}","templated":true}]}}