{"id":3426,"date":"2025-04-27T13:01:25","date_gmt":"2025-04-27T12:01:25","guid":{"rendered":"https:\/\/www.hsvalmere.nl\/jca\/?page_id=3426"},"modified":"2025-09-09T09:29:57","modified_gmt":"2025-09-09T08:29:57","slug":"verslag-jeugddagen-2025","status":"publish","type":"page","link":"https:\/\/www.hsvalmere.nl\/jca\/verslag-jeugddagen-2025\/","title":{"rendered":"Verslag jeugddagen 2025"},"content":{"rendered":"<h2 class=\"entry-title\">We zijn gestart: jeugddag op Toms Creek<\/h2>\n<div class=\"post-content\">\n<div class=\"post-content-inner et_pb_blog_show_content\">\n<p><img loading=\"lazy\" decoding=\"async\" class=\"alignnone size-full wp-image-3301\" src=\"https:\/\/www.hsvalmere.nl\/jca\/files\/2025\/03\/TC-2025-3-007.jpg\" sizes=\"(min-width: 0px) and (max-width: 480px) 480px, (min-width: 481px) 800px, 100vw\" srcset=\"https:\/\/www.hsvalmere.nl\/jca\/files\/2025\/03\/TC-2025-3-007.jpg 800w, https:\/\/www.hsvalmere.nl\/jca\/files\/2025\/03\/TC-2025-3-007-480x171.jpg 480w\" alt=\"\" width=\"800\" height=\"285\" \/><\/p>\n<p>Op zaterdag 15 maart was de aftrap van het jeugdseizoen 2025: vissen op de Avonturenvijvers van Toms Creek in Lelystad. Traditioneel de eerste activiteit van de jeugdcommissie en traditioneel weer druk bezocht. Gelukkig hadden we weer een mooi team met vrijwilligers, dat blijven toch de bouwstenen van de vereniging maar er waren ook veel ouders die vooraf hadden aangegeven om kinderen in de buurt waar &#8211;&gt;&gt; <a class=\"more-link\" href=\"https:\/\/www.hsvalmere.nl\/jca\/we-zijn-gestart-jeugddag-op-toms-creek\/#more-3291\">Lees meer\u2026<\/a>.<br \/>\n<span style=\"color: #ffffff;\">.<br \/>\n.<\/span><\/p>\n<p><span style=\"color: #333333; font-size: 26px;\">Verslag van de 1e jeugddag van 2025<\/span><\/p>\n<\/div>\n<\/div>\n<div class=\"post-content\">\n<div class=\"post-content-inner et_pb_blog_show_content\">\n<p class=\"post-meta\"><img loading=\"lazy\" decoding=\"async\" class=\"alignnone size-full wp-image-3380\" src=\"https:\/\/www.hsvalmere.nl\/jca\/files\/2025\/04\/OG-4-2025-002.jpg\" sizes=\"(min-width: 0px) and (max-width: 480px) 480px, (min-width: 481px) 800px, 100vw\" srcset=\"https:\/\/www.hsvalmere.nl\/jca\/files\/2025\/04\/OG-4-2025-002.jpg 800w, https:\/\/www.hsvalmere.nl\/jca\/files\/2025\/04\/OG-4-2025-002-480x145.jpg 480w\" alt=\"\" width=\"800\" height=\"241\" \/><\/p>\n<div class=\"post-content\">\n<div class=\"post-content-inner et_pb_blog_show_content\">\n<p>Op zondag 13 april stond de start van de jeugdcompetitie op het programma. We hadden deze dag gekozen voor Overgooi omdat we daar voldoende ruimte hebben maar \u00f3\u00f3k omdat parkeren daar nooit een probleem is. De weersverwachting was niet super qua temperatuur maar het zou wel\u00a0<a href=\"https:\/\/www.hsvalmere.nl\/jca\/verslag-1e-jeugddag-2025\/\">\u2013&gt;&gt; lees verder<\/a><br \/>\n<span style=\"color: #ffffff;\">.<\/span><br \/>\n<span style=\"color: #ffffff;\">.<\/span><\/p>\n<p><span style=\"color: #333333; font-size: 26px;\">Verslag van de 2e jeugddag van 2025<\/span><\/p>\n<\/div>\n<\/div>\n<\/div>\n<\/div>\n<div class=\"post-content\">\n<div class=\"post-content-inner et_pb_blog_show_content\">\n<p class=\"post-meta\"><img loading=\"lazy\" decoding=\"async\" class=\"alignnone size-full wp-image-3413\" src=\"https:\/\/www.hsvalmere.nl\/jca\/files\/2025\/04\/001.jpg\" sizes=\"(min-width: 0px) and (max-width: 480px) 480px, (min-width: 481px) 800px, 100vw\" srcset=\"https:\/\/www.hsvalmere.nl\/jca\/files\/2025\/04\/001.jpg 800w, https:\/\/www.hsvalmere.nl\/jca\/files\/2025\/04\/001-480x181.jpg 480w\" alt=\"\" width=\"800\" height=\"302\" \/><\/p>\n<div class=\"post-content\">\n<div class=\"post-content-inner et_pb_blog_show_content\">\n<p>Een jeugddag direct na Koningsdag (in de voorjaarsvakantie), het leek mij geen probleem maar dat bleek toch even anders te liggen. Daar waar we normaal toch ruim 20 kinderen aan de waterkant krijgen kwamen we deze keer niet verder dan een stuk of 8, en wat doe je dan? Nou hebben wij een\u00a0<a href=\"https:\/\/www.hsvalmere.nl\/jca\/verslag-van-de-2e-jeugddag-van-2025\/\">\u2013&gt;&gt; lees verder<\/a><br \/>\n<span style=\"color: #ffffff;\">.<\/span><br \/>\n<span style=\"color: #ffffff;\">.<\/span><\/p>\n<h2 class=\"entry-title\">Verslag van de jeugd-karperdag 2025<\/h2>\n<div class=\"post-content\">\n<div class=\"post-content-inner et_pb_blog_show_content\">\n<p><img loading=\"lazy\" decoding=\"async\" class=\"alignnone size-full wp-image-3469\" src=\"https:\/\/www.hsvalmere.nl\/jca\/files\/2025\/07\/TC-7-2025-A-003-2.jpg\" sizes=\"(min-width: 0px) and (max-width: 480px) 480px, (min-width: 481px) 800px, 100vw\" srcset=\"https:\/\/www.hsvalmere.nl\/jca\/files\/2025\/07\/TC-7-2025-A-003-2.jpg 800w, https:\/\/www.hsvalmere.nl\/jca\/files\/2025\/07\/TC-7-2025-A-003-2-480x242.jpg 480w\" alt=\"\" width=\"800\" height=\"403\" \/><\/p>\n<p>Op woensdag 23 juli hebben we voor de derde opvolgende keer een jeugddag karpervissen op\u00a0<a href=\"https:\/\/tomscreek.nl\/\" target=\"_blank\" rel=\"noopener\">Toms Creek te Lelystad<\/a> georganiseerd. Vissen met de vaste stok met elastiek, met de methodfeeder \u00e9n met een nieuw dobbersysteem (verzorgt door Andy en Tamara uit Belgi\u00eb) stonden op het programma. Zoals altijd waren de vrijwilligers weer vroeg aanwezig om alles voor te bereiden \u00e9n<a class=\"more-link\" href=\"https:\/\/www.hsvalmere.nl\/jca\/verslag-van-de-jeugd-karperdag-2025\/#more-3441\">&#8211;&gt;&gt; lees verder<\/a><br \/>\n<span style=\"color: #ffffff;\">.<\/span><br \/>\n<span style=\"color: #ffffff;\">.<\/span><\/p>\n<h2 class=\"entry-title\"><a href=\"https:\/\/www.hsvalmere.nl\/blog\/karpervissen-met-de-jeugd-balletje-balletje-op-toms-creek\/\">Karpervissen met de jeugd: balletje-balletje op Toms Creek<\/a><\/h2>\n<div class=\"post-content\">\n<div class=\"post-content-inner et_pb_blog_show_content\">\n<p class=\"post-meta\"><img loading=\"lazy\" decoding=\"async\" class=\"alignnone size-full wp-image-3528\" src=\"https:\/\/www.hsvalmere.nl\/jca\/files\/2025\/08\/TC-aug-2025-001.jpg\" sizes=\"(min-width: 0px) and (max-width: 480px) 480px, (min-width: 481px) 800px, 100vw\" srcset=\"https:\/\/www.hsvalmere.nl\/jca\/files\/2025\/08\/TC-aug-2025-001.jpg 800w, https:\/\/www.hsvalmere.nl\/jca\/files\/2025\/08\/TC-aug-2025-001-480x185.jpg 480w\" alt=\"\" width=\"800\" height=\"309\" \/><\/p>\n<div class=\"post-content\">\n<div class=\"post-content-inner et_pb_blog_show_content\">\n<p>Op de karper-jeugddag van juli 2025 hebben we dankzij Andy kennis gemaakt met de balletjesvisserij op de karpervijver van\u00a0<a href=\"https:\/\/tomscreek.nl\/\" target=\"_blank\" rel=\"noopener\">Toms Creek in Lelystad<\/a>. Het was ons al opgevallen dat deze visserij bijzonder in de smaak viel en, zo zijn wij, dan gaan we er natuurlijk iets mee doen. Het is eigenlijk vissen als met de pelletwagler, maar omdat er met simpelere materialen gewerkt kan worden zagen we\u00a0<a href=\"https:\/\/www.hsvalmere.nl\/jca\/karpervissen-met-de-jeugd-balletje-balletje-op-toms-creek\/\">\u2013&gt;&gt; lees verder<\/a><br \/>\n<span style=\"color: #ffffff;\">.<\/span><br \/>\n<span style=\"color: #ffffff;\">.<\/span><\/p>\n<\/div>\n<\/div>\n<\/div>\n<\/div>\n<h2 class=\"entry-title\"><a href=\"https:\/\/www.hsvalmere.nl\/blog\/jeugddag-op-de-avonturenvijvers-van-toms-creek\/\">Jeugddag op de avonturenvijvers van Toms Creek<\/a><\/h2>\n<div class=\"post-content\">\n<div class=\"post-content-inner et_pb_blog_show_content\">\n<p class=\"post-meta\"><img loading=\"lazy\" decoding=\"async\" class=\"alignnone size-full wp-image-3548\" src=\"https:\/\/www.hsvalmere.nl\/jca\/files\/2025\/09\/JCA-sept-2025-001.jpeg\" sizes=\"(min-width: 0px) and (max-width: 480px) 480px, (min-width: 481px) 800px, 100vw\" srcset=\"https:\/\/www.hsvalmere.nl\/jca\/files\/2025\/09\/JCA-sept-2025-001.jpeg 800w, https:\/\/www.hsvalmere.nl\/jca\/files\/2025\/09\/JCA-sept-2025-001-480x196.jpeg 480w\" alt=\"\" width=\"800\" height=\"327\" \/><\/p>\n<div class=\"post-content\">\n<div class=\"post-content-inner et_pb_blog_show_content\">\n<p>Op zaterdag 6 september stond de afsluitende activiteit van de jeugdcommissie op het programma: vissen op de avonturenvijvers van Toms Creek in Lelystad. Dit jaar konden we \u2018slechts\u2019 4 vijvers afhuren wat betekende dat we maximaal 54 kinderen een plekje konden bieden. En dat betekende dan weer dat je, wanneer je mee wou doen, snel moest reageren want\u00a0<a href=\"https:\/\/www.hsvalmere.nl\/jca\/jeugddag-op-de-avonturenvijvers-van-toms-creek\/\">\u2013&gt;&gt; lees verder<\/a><\/p>\n<\/div>\n<\/div>\n<\/div>\n<\/div>\n<\/div>\n<\/div>\n<\/div>\n<\/div>\n<\/div>\n<\/div>\n","protected":false},"excerpt":{"rendered":"<p>We zijn gestart: jeugddag op Toms Creek Op zaterdag 15 maart was de aftrap van het jeugdseizoen 2025: vissen op de Avonturenvijvers van Toms Creek in Lelystad. Traditioneel de eerste activiteit van de jeugdcommissie en traditioneel weer druk bezocht. Gelukkig hadden we weer een mooi team met vrijwilligers, dat blijven toch de bouwstenen van de [&hellip;]<\/p>\n","protected":false},"author":1,"featured_media":0,"parent":0,"menu_order":0,"comment_status":"closed","ping_status":"closed","template":"","meta":{"_et_pb_use_builder":"","_et_pb_old_content":"","_et_gb_content_width":"","footnotes":""},"class_list":["post-3426","page","type-page","status-publish","hentry"],"yoast_head":"<!-- This site is optimized with the Yoast SEO plugin v27.5 - https:\/\/yoast.com\/product\/yoast-seo-wordpress\/ -->\n<title>Verslag jeugddagen 2025 - Jeugd Commissie<\/title>\n<meta name=\"robots\" content=\"index, follow, max-snippet:-1, max-image-preview:large, max-video-preview:-1\" \/>\n<link rel=\"canonical\" href=\"https:\/\/www.hsvalmere.nl\/jca\/verslag-jeugddagen-2025\/\" \/>\n<meta property=\"og:locale\" content=\"nl_NL\" \/>\n<meta property=\"og:type\" content=\"article\" \/>\n<meta property=\"og:title\" content=\"Verslag jeugddagen 2025 - Jeugd Commissie\" \/>\n<meta property=\"og:description\" content=\"We zijn gestart: jeugddag op Toms Creek Op zaterdag 15 maart was de aftrap van het jeugdseizoen 2025: vissen op de Avonturenvijvers van Toms Creek in Lelystad. Traditioneel de eerste activiteit van de jeugdcommissie en traditioneel weer druk bezocht. Gelukkig hadden we weer een mooi team met vrijwilligers, dat blijven toch de bouwstenen van de [&hellip;]\" \/>\n<meta property=\"og:url\" content=\"https:\/\/www.hsvalmere.nl\/jca\/verslag-jeugddagen-2025\/\" \/>\n<meta property=\"og:site_name\" content=\"Jeugd Commissie\" \/>\n<meta property=\"article:modified_time\" content=\"2025-09-09T08:29:57+00:00\" \/>\n<meta property=\"og:image\" content=\"https:\/\/www.hsvalmere.nl\/jca\/files\/2025\/03\/TC-2025-3-007.jpg\" \/>\n\t<meta property=\"og:image:width\" content=\"800\" \/>\n\t<meta property=\"og:image:height\" content=\"285\" \/>\n\t<meta property=\"og:image:type\" content=\"image\/jpeg\" \/>\n<meta name=\"twitter:label1\" content=\"Geschatte leestijd\" \/>\n\t<meta name=\"twitter:data1\" content=\"4 minuten\" \/>\n<script type=\"application\/ld+json\" class=\"yoast-schema-graph\">{\"@context\":\"https:\\\/\\\/schema.org\",\"@graph\":[{\"@type\":\"WebPage\",\"@id\":\"https:\\\/\\\/www.hsvalmere.nl\\\/jca\\\/verslag-jeugddagen-2025\\\/\",\"url\":\"https:\\\/\\\/www.hsvalmere.nl\\\/jca\\\/verslag-jeugddagen-2025\\\/\",\"name\":\"Verslag jeugddagen 2025 - Jeugd Commissie\",\"isPartOf\":{\"@id\":\"https:\\\/\\\/www.hsvalmere.nl\\\/jca\\\/#website\"},\"primaryImageOfPage\":{\"@id\":\"https:\\\/\\\/www.hsvalmere.nl\\\/jca\\\/verslag-jeugddagen-2025\\\/#primaryimage\"},\"image\":{\"@id\":\"https:\\\/\\\/www.hsvalmere.nl\\\/jca\\\/verslag-jeugddagen-2025\\\/#primaryimage\"},\"thumbnailUrl\":\"https:\\\/\\\/www.hsvalmere.nl\\\/jca\\\/files\\\/2025\\\/03\\\/TC-2025-3-007.jpg\",\"datePublished\":\"2025-04-27T12:01:25+00:00\",\"dateModified\":\"2025-09-09T08:29:57+00:00\",\"breadcrumb\":{\"@id\":\"https:\\\/\\\/www.hsvalmere.nl\\\/jca\\\/verslag-jeugddagen-2025\\\/#breadcrumb\"},\"inLanguage\":\"nl-NL\",\"potentialAction\":[{\"@type\":\"ReadAction\",\"target\":[\"https:\\\/\\\/www.hsvalmere.nl\\\/jca\\\/verslag-jeugddagen-2025\\\/\"]}]},{\"@type\":\"ImageObject\",\"inLanguage\":\"nl-NL\",\"@id\":\"https:\\\/\\\/www.hsvalmere.nl\\\/jca\\\/verslag-jeugddagen-2025\\\/#primaryimage\",\"url\":\"https:\\\/\\\/www.hsvalmere.nl\\\/jca\\\/files\\\/2025\\\/03\\\/TC-2025-3-007.jpg\",\"contentUrl\":\"https:\\\/\\\/www.hsvalmere.nl\\\/jca\\\/files\\\/2025\\\/03\\\/TC-2025-3-007.jpg\",\"width\":800,\"height\":285},{\"@type\":\"BreadcrumbList\",\"@id\":\"https:\\\/\\\/www.hsvalmere.nl\\\/jca\\\/verslag-jeugddagen-2025\\\/#breadcrumb\",\"itemListElement\":[{\"@type\":\"ListItem\",\"position\":1,\"name\":\"Home\",\"item\":\"https:\\\/\\\/www.hsvalmere.nl\\\/jca\\\/\"},{\"@type\":\"ListItem\",\"position\":2,\"name\":\"Verslag jeugddagen 2025\"}]},{\"@type\":\"WebSite\",\"@id\":\"https:\\\/\\\/www.hsvalmere.nl\\\/jca\\\/#website\",\"url\":\"https:\\\/\\\/www.hsvalmere.nl\\\/jca\\\/\",\"name\":\"Jeugd Commissie\",\"description\":\"Hengelsportvereniging  Almere\",\"potentialAction\":[{\"@type\":\"SearchAction\",\"target\":{\"@type\":\"EntryPoint\",\"urlTemplate\":\"https:\\\/\\\/www.hsvalmere.nl\\\/jca\\\/?s={search_term_string}\"},\"query-input\":{\"@type\":\"PropertyValueSpecification\",\"valueRequired\":true,\"valueName\":\"search_term_string\"}}],\"inLanguage\":\"nl-NL\"}]}<\/script>\n<!-- \/ Yoast SEO plugin. -->","yoast_head_json":{"title":"Verslag jeugddagen 2025 - Jeugd Commissie","robots":{"index":"index","follow":"follow","max-snippet":"max-snippet:-1","max-image-preview":"max-image-preview:large","max-video-preview":"max-video-preview:-1"},"canonical":"https:\/\/www.hsvalmere.nl\/jca\/verslag-jeugddagen-2025\/","og_locale":"nl_NL","og_type":"article","og_title":"Verslag jeugddagen 2025 - Jeugd Commissie","og_description":"We zijn gestart: jeugddag op Toms Creek Op zaterdag 15 maart was de aftrap van het jeugdseizoen 2025: vissen op de Avonturenvijvers van Toms Creek in Lelystad. Traditioneel de eerste activiteit van de jeugdcommissie en traditioneel weer druk bezocht. Gelukkig hadden we weer een mooi team met vrijwilligers, dat blijven toch de bouwstenen van de [&hellip;]","og_url":"https:\/\/www.hsvalmere.nl\/jca\/verslag-jeugddagen-2025\/","og_site_name":"Jeugd Commissie","article_modified_time":"2025-09-09T08:29:57+00:00","og_image":[{"width":800,"height":285,"url":"https:\/\/www.hsvalmere.nl\/jca\/files\/2025\/03\/TC-2025-3-007.jpg","type":"image\/jpeg"}],"twitter_misc":{"Geschatte leestijd":"4 minuten"},"schema":{"@context":"https:\/\/schema.org","@graph":[{"@type":"WebPage","@id":"https:\/\/www.hsvalmere.nl\/jca\/verslag-jeugddagen-2025\/","url":"https:\/\/www.hsvalmere.nl\/jca\/verslag-jeugddagen-2025\/","name":"Verslag jeugddagen 2025 - Jeugd Commissie","isPartOf":{"@id":"https:\/\/www.hsvalmere.nl\/jca\/#website"},"primaryImageOfPage":{"@id":"https:\/\/www.hsvalmere.nl\/jca\/verslag-jeugddagen-2025\/#primaryimage"},"image":{"@id":"https:\/\/www.hsvalmere.nl\/jca\/verslag-jeugddagen-2025\/#primaryimage"},"thumbnailUrl":"https:\/\/www.hsvalmere.nl\/jca\/files\/2025\/03\/TC-2025-3-007.jpg","datePublished":"2025-04-27T12:01:25+00:00","dateModified":"2025-09-09T08:29:57+00:00","breadcrumb":{"@id":"https:\/\/www.hsvalmere.nl\/jca\/verslag-jeugddagen-2025\/#breadcrumb"},"inLanguage":"nl-NL","potentialAction":[{"@type":"ReadAction","target":["https:\/\/www.hsvalmere.nl\/jca\/verslag-jeugddagen-2025\/"]}]},{"@type":"ImageObject","inLanguage":"nl-NL","@id":"https:\/\/www.hsvalmere.nl\/jca\/verslag-jeugddagen-2025\/#primaryimage","url":"https:\/\/www.hsvalmere.nl\/jca\/files\/2025\/03\/TC-2025-3-007.jpg","contentUrl":"https:\/\/www.hsvalmere.nl\/jca\/files\/2025\/03\/TC-2025-3-007.jpg","width":800,"height":285},{"@type":"BreadcrumbList","@id":"https:\/\/www.hsvalmere.nl\/jca\/verslag-jeugddagen-2025\/#breadcrumb","itemListElement":[{"@type":"ListItem","position":1,"name":"Home","item":"https:\/\/www.hsvalmere.nl\/jca\/"},{"@type":"ListItem","position":2,"name":"Verslag jeugddagen 2025"}]},{"@type":"WebSite","@id":"https:\/\/www.hsvalmere.nl\/jca\/#website","url":"https:\/\/www.hsvalmere.nl\/jca\/","name":"Jeugd Commissie","description":"Hengelsportvereniging  Almere","potentialAction":[{"@type":"SearchAction","target":{"@type":"EntryPoint","urlTemplate":"https:\/\/www.hsvalmere.nl\/jca\/?s={search_term_string}"},"query-input":{"@type":"PropertyValueSpecification","valueRequired":true,"valueName":"search_term_string"}}],"inLanguage":"nl-NL"}]}},"_links":{"self":[{"href":"https:\/\/www.hsvalmere.nl\/jca\/wp-json\/wp\/v2\/pages\/3426","targetHints":{"allow":["GET"]}}],"collection":[{"href":"https:\/\/www.hsvalmere.nl\/jca\/wp-json\/wp\/v2\/pages"}],"about":[{"href":"https:\/\/www.hsvalmere.nl\/jca\/wp-json\/wp\/v2\/types\/page"}],"author":[{"embeddable":true,"href":"https:\/\/www.hsvalmere.nl\/jca\/wp-json\/wp\/v2\/users\/1"}],"replies":[{"embeddable":true,"href":"https:\/\/www.hsvalmere.nl\/jca\/wp-json\/wp\/v2\/comments?post=3426"}],"version-history":[{"count":6,"href":"https:\/\/www.hsvalmere.nl\/jca\/wp-json\/wp\/v2\/pages\/3426\/revisions"}],"predecessor-version":[{"id":3593,"href":"https:\/\/www.hsvalmere.nl\/jca\/wp-json\/wp\/v2\/pages\/3426\/revisions\/3593"}],"wp:attachment":[{"href":"https:\/\/www.hsvalmere.nl\/jca\/wp-json\/wp\/v2\/media?parent=3426"}],"curies":[{"name":"wp","href":"https:\/\/api.w.org\/{rel}","templated":true}]}}