{"id":645,"date":"2015-02-24T19:33:43","date_gmt":"2015-02-24T18:33:43","guid":{"rendered":"https:\/\/www.hsvalmere.nl\/bcwa\/?page_id=645"},"modified":"2015-02-24T19:36:35","modified_gmt":"2015-02-24T18:36:35","slug":"terugmeldingen-tm-2014","status":"publish","type":"page","link":"https:\/\/www.hsvalmere.nl\/bcwa\/terugmeldingen-tm-2014\/","title":{"rendered":"Terugmeldingen t\/m 2014"},"content":{"rendered":"<p><a href=\"https:\/\/www.hsvalmere.nl\/bcwa\/files\/2014\/05\/115.jpg\"><img loading=\"lazy\" decoding=\"async\" class=\"alignnone size-full wp-image-93\" src=\"https:\/\/www.hsvalmere.nl\/bcwa\/files\/2014\/05\/115.jpg\" alt=\"115\" width=\"800\" height=\"72\" srcset=\"https:\/\/www.hsvalmere.nl\/bcwa\/files\/2014\/05\/115.jpg 800w, https:\/\/www.hsvalmere.nl\/bcwa\/files\/2014\/05\/115-300x27.jpg 300w\" sizes=\"(max-width: 800px) 100vw, 800px\" \/><\/a><\/p>\n<p>Het leuke van een SKP is dat je middels terugmeldingen toch wel wat info kan verzamelen over het wel en wee van de vissen. Groeien ze goed, waar hangen ze uit, hoe zien ze er \u00fcberhaupt uit? Allemaal vragen die we alleen kunnen beantwoorden met de hulp van degenen die daadwerkelijk \u00e9\u00e9n van onze projectspiegels weten te vangen, en die dan ook op de juiste manier daarmee omgaan. Waar moet je op letten, en wat willen we graag weten?<\/p>\n<p>&nbsp;<\/p>\n<p><span style=\"color: #333399\"><strong>Een foto.<\/strong><\/span><br \/>\nOm te beginnen willen we natuurlijk heel graag met eigen ogen kunnen zien hoe de vis eruit ziet, dus een foto vinden wij al helemaal fantastisch. Landelijk is het zo dat de linkerflank geregistreerd is mbt de herkenning, en die lijn willen wij graag volgen. Zorg er dus voor dat je de vis op de juiste manier fotografeert, met de kop in de rechterhand dus.<\/p>\n<p>&nbsp;<\/p>\n<p><strong><span style=\"color: #333399\">Lengte en gewicht.<\/span><\/strong><br \/>\nMaar alleen een foto zegt natuurlijk nog niet zoveel, we zijn ook zeer ge\u00efnteresseerd in het gewicht van de vis, en zeker ook in de lengte. Als je die gegevens voor ons kunt vastleggen zijn wij je zeer dankbaar, want dat zijn natuurlijk de details die het hem doen!<\/p>\n<p>&nbsp;<\/p>\n<p><strong><span style=\"color: #333399\">De vangplaats.<br \/>\n<\/span><\/strong>En tot slot willen we natuurlijk graag weten w\u00e1\u00e1r je de vis gevangen hebt, desgewenst zullen we dat niet publiceren.<\/p>\n<p>Dus: mocht jij een projectspiegel vangen, maak dan aub een mooie foto van de linkerflank, weeg de vis en neem de lengte even op. Vervolgens kan je deze gegevens naar ons mailen via dit mailadres: <a href=\"mailto:kca@hsvog.nl\" target=\"_blank\">kca@hsvog.nl<\/a><\/p>\n<p>&nbsp;<\/p>\n<p><strong><span style=\"color: #333399\">Overzicht van de terugmeldingen:<\/span><\/strong><\/p>\n<p>Klik <a href=\"https:\/\/www.hsvalmere.nl\/bcwaa\/KCA%20SKP%20Almere%20terugmeldingen%202011.htm\" target=\"_blank\">hier<\/a> voor terugmeldingen uit 2011.<\/p>\n<p>Klik <a href=\"https:\/\/www.hsvalmere.nl\/bcwaa\/KCA%20SKP%20Almere%20terugmeldingen%202012.htm\" target=\"_blank\">hier<\/a> voor terugmeldingen uit 2012.<\/p>\n<p>Klik <a href=\"https:\/\/www.hsvalmere.nl\/bcwaa\/KCA%20SKP%20Almere%20terugmeldingen%202013.htm\" target=\"_blank\">hier<\/a> voor terugmeldingen uit 2013.<\/p>\n<p>Klik <a href=\"https:\/\/www.hsvalmere.nl\/bcwaa\/KCA%20SKP%20Almere%20terugmeldingen%202014.htm\" target=\"_blank\">hier<\/a> voor terugmeldingen uit 2014.<\/p>\n<p>&nbsp;<\/p>\n<p><a href=\"https:\/\/www.hsvalmere.nl\/bcwa\/files\/2015\/01\/Slogan-kop-rechter-hand.jpg\"><img loading=\"lazy\" decoding=\"async\" class=\"alignnone size-full wp-image-600\" src=\"https:\/\/www.hsvalmere.nl\/bcwa\/files\/2015\/01\/Slogan-kop-rechter-hand.jpg\" alt=\"Slogan kop rechter hand\" width=\"780\" height=\"210\" srcset=\"https:\/\/www.hsvalmere.nl\/bcwa\/files\/2015\/01\/Slogan-kop-rechter-hand.jpg 780w, https:\/\/www.hsvalmere.nl\/bcwa\/files\/2015\/01\/Slogan-kop-rechter-hand-300x80.jpg 300w\" sizes=\"(max-width: 780px) 100vw, 780px\" \/><\/a><\/p>\n","protected":false},"excerpt":{"rendered":"<p>Het leuke van een SKP is dat je middels terugmeldingen toch wel wat info kan verzamelen over het wel en wee van de vissen. Groeien ze goed, waar hangen ze uit, hoe zien ze er \u00fcberhaupt uit? Allemaal vragen die we alleen kunnen beantwoorden met de hulp van degenen die daadwerkelijk \u00e9\u00e9n van onze projectspiegels [&hellip;]<\/p>\n","protected":false},"author":3,"featured_media":0,"parent":0,"menu_order":0,"comment_status":"closed","ping_status":"closed","template":"","meta":{"_et_pb_use_builder":"","_et_pb_old_content":"","_et_gb_content_width":"","footnotes":""},"class_list":["post-645","page","type-page","status-publish","hentry"],"yoast_head":"<!-- This site is optimized with the Yoast SEO plugin v27.4 - https:\/\/yoast.com\/product\/yoast-seo-wordpress\/ -->\n<title>Terugmeldingen t\/m 2014 - Beheer Commissie Wateren Almere<\/title>\n<meta name=\"robots\" content=\"index, follow, max-snippet:-1, max-image-preview:large, max-video-preview:-1\" \/>\n<link rel=\"canonical\" href=\"https:\/\/www.hsvalmere.nl\/bcwa\/terugmeldingen-tm-2014\/\" \/>\n<meta property=\"og:locale\" content=\"nl_NL\" \/>\n<meta property=\"og:type\" content=\"article\" \/>\n<meta property=\"og:title\" content=\"Terugmeldingen t\/m 2014 - Beheer Commissie Wateren Almere\" \/>\n<meta property=\"og:description\" content=\"Het leuke van een SKP is dat je middels terugmeldingen toch wel wat info kan verzamelen over het wel en wee van de vissen. Groeien ze goed, waar hangen ze uit, hoe zien ze er \u00fcberhaupt uit? Allemaal vragen die we alleen kunnen beantwoorden met de hulp van degenen die daadwerkelijk \u00e9\u00e9n van onze projectspiegels [&hellip;]\" \/>\n<meta property=\"og:url\" content=\"https:\/\/www.hsvalmere.nl\/bcwa\/terugmeldingen-tm-2014\/\" \/>\n<meta property=\"og:site_name\" content=\"Beheer Commissie Wateren Almere\" \/>\n<meta property=\"article:modified_time\" content=\"2015-02-24T18:36:35+00:00\" \/>\n<meta property=\"og:image\" content=\"https:\/\/www.hsvalmere.nl\/bcwa\/files\/2014\/05\/115.jpg\" \/>\n<meta name=\"twitter:label1\" content=\"Geschatte leestijd\" \/>\n\t<meta name=\"twitter:data1\" content=\"1 minuut\" \/>\n<script type=\"application\/ld+json\" class=\"yoast-schema-graph\">{\"@context\":\"https:\\\/\\\/schema.org\",\"@graph\":[{\"@type\":\"WebPage\",\"@id\":\"https:\\\/\\\/www.hsvalmere.nl\\\/bcwa\\\/terugmeldingen-tm-2014\\\/\",\"url\":\"https:\\\/\\\/www.hsvalmere.nl\\\/bcwa\\\/terugmeldingen-tm-2014\\\/\",\"name\":\"Terugmeldingen t\\\/m 2014 - Beheer Commissie Wateren Almere\",\"isPartOf\":{\"@id\":\"https:\\\/\\\/www.hsvalmere.nl\\\/bcwa\\\/#website\"},\"primaryImageOfPage\":{\"@id\":\"https:\\\/\\\/www.hsvalmere.nl\\\/bcwa\\\/terugmeldingen-tm-2014\\\/#primaryimage\"},\"image\":{\"@id\":\"https:\\\/\\\/www.hsvalmere.nl\\\/bcwa\\\/terugmeldingen-tm-2014\\\/#primaryimage\"},\"thumbnailUrl\":\"https:\\\/\\\/www.hsvalmere.nl\\\/bcwa\\\/files\\\/2014\\\/05\\\/115.jpg\",\"datePublished\":\"2015-02-24T18:33:43+00:00\",\"dateModified\":\"2015-02-24T18:36:35+00:00\",\"breadcrumb\":{\"@id\":\"https:\\\/\\\/www.hsvalmere.nl\\\/bcwa\\\/terugmeldingen-tm-2014\\\/#breadcrumb\"},\"inLanguage\":\"nl-NL\",\"potentialAction\":[{\"@type\":\"ReadAction\",\"target\":[\"https:\\\/\\\/www.hsvalmere.nl\\\/bcwa\\\/terugmeldingen-tm-2014\\\/\"]}]},{\"@type\":\"ImageObject\",\"inLanguage\":\"nl-NL\",\"@id\":\"https:\\\/\\\/www.hsvalmere.nl\\\/bcwa\\\/terugmeldingen-tm-2014\\\/#primaryimage\",\"url\":\"https:\\\/\\\/www.hsvalmere.nl\\\/bcwa\\\/files\\\/2014\\\/05\\\/115.jpg\",\"contentUrl\":\"https:\\\/\\\/www.hsvalmere.nl\\\/bcwa\\\/files\\\/2014\\\/05\\\/115.jpg\",\"width\":800,\"height\":72},{\"@type\":\"BreadcrumbList\",\"@id\":\"https:\\\/\\\/www.hsvalmere.nl\\\/bcwa\\\/terugmeldingen-tm-2014\\\/#breadcrumb\",\"itemListElement\":[{\"@type\":\"ListItem\",\"position\":1,\"name\":\"Home\",\"item\":\"https:\\\/\\\/www.hsvalmere.nl\\\/bcwa\\\/\"},{\"@type\":\"ListItem\",\"position\":2,\"name\":\"Terugmeldingen t\\\/m 2014\"}]},{\"@type\":\"WebSite\",\"@id\":\"https:\\\/\\\/www.hsvalmere.nl\\\/bcwa\\\/#website\",\"url\":\"https:\\\/\\\/www.hsvalmere.nl\\\/bcwa\\\/\",\"name\":\"Beheer Commissie Wateren Almere\",\"description\":\"Hengelsportvereniging Almere\",\"potentialAction\":[{\"@type\":\"SearchAction\",\"target\":{\"@type\":\"EntryPoint\",\"urlTemplate\":\"https:\\\/\\\/www.hsvalmere.nl\\\/bcwa\\\/?s={search_term_string}\"},\"query-input\":{\"@type\":\"PropertyValueSpecification\",\"valueRequired\":true,\"valueName\":\"search_term_string\"}}],\"inLanguage\":\"nl-NL\"}]}<\/script>\n<!-- \/ Yoast SEO plugin. -->","yoast_head_json":{"title":"Terugmeldingen t\/m 2014 - Beheer Commissie Wateren Almere","robots":{"index":"index","follow":"follow","max-snippet":"max-snippet:-1","max-image-preview":"max-image-preview:large","max-video-preview":"max-video-preview:-1"},"canonical":"https:\/\/www.hsvalmere.nl\/bcwa\/terugmeldingen-tm-2014\/","og_locale":"nl_NL","og_type":"article","og_title":"Terugmeldingen t\/m 2014 - Beheer Commissie Wateren Almere","og_description":"Het leuke van een SKP is dat je middels terugmeldingen toch wel wat info kan verzamelen over het wel en wee van de vissen. Groeien ze goed, waar hangen ze uit, hoe zien ze er \u00fcberhaupt uit? Allemaal vragen die we alleen kunnen beantwoorden met de hulp van degenen die daadwerkelijk \u00e9\u00e9n van onze projectspiegels [&hellip;]","og_url":"https:\/\/www.hsvalmere.nl\/bcwa\/terugmeldingen-tm-2014\/","og_site_name":"Beheer Commissie Wateren Almere","article_modified_time":"2015-02-24T18:36:35+00:00","og_image":[{"url":"https:\/\/www.hsvalmere.nl\/bcwa\/files\/2014\/05\/115.jpg","type":"","width":"","height":""}],"twitter_misc":{"Geschatte leestijd":"1 minuut"},"schema":{"@context":"https:\/\/schema.org","@graph":[{"@type":"WebPage","@id":"https:\/\/www.hsvalmere.nl\/bcwa\/terugmeldingen-tm-2014\/","url":"https:\/\/www.hsvalmere.nl\/bcwa\/terugmeldingen-tm-2014\/","name":"Terugmeldingen t\/m 2014 - Beheer Commissie Wateren Almere","isPartOf":{"@id":"https:\/\/www.hsvalmere.nl\/bcwa\/#website"},"primaryImageOfPage":{"@id":"https:\/\/www.hsvalmere.nl\/bcwa\/terugmeldingen-tm-2014\/#primaryimage"},"image":{"@id":"https:\/\/www.hsvalmere.nl\/bcwa\/terugmeldingen-tm-2014\/#primaryimage"},"thumbnailUrl":"https:\/\/www.hsvalmere.nl\/bcwa\/files\/2014\/05\/115.jpg","datePublished":"2015-02-24T18:33:43+00:00","dateModified":"2015-02-24T18:36:35+00:00","breadcrumb":{"@id":"https:\/\/www.hsvalmere.nl\/bcwa\/terugmeldingen-tm-2014\/#breadcrumb"},"inLanguage":"nl-NL","potentialAction":[{"@type":"ReadAction","target":["https:\/\/www.hsvalmere.nl\/bcwa\/terugmeldingen-tm-2014\/"]}]},{"@type":"ImageObject","inLanguage":"nl-NL","@id":"https:\/\/www.hsvalmere.nl\/bcwa\/terugmeldingen-tm-2014\/#primaryimage","url":"https:\/\/www.hsvalmere.nl\/bcwa\/files\/2014\/05\/115.jpg","contentUrl":"https:\/\/www.hsvalmere.nl\/bcwa\/files\/2014\/05\/115.jpg","width":800,"height":72},{"@type":"BreadcrumbList","@id":"https:\/\/www.hsvalmere.nl\/bcwa\/terugmeldingen-tm-2014\/#breadcrumb","itemListElement":[{"@type":"ListItem","position":1,"name":"Home","item":"https:\/\/www.hsvalmere.nl\/bcwa\/"},{"@type":"ListItem","position":2,"name":"Terugmeldingen t\/m 2014"}]},{"@type":"WebSite","@id":"https:\/\/www.hsvalmere.nl\/bcwa\/#website","url":"https:\/\/www.hsvalmere.nl\/bcwa\/","name":"Beheer Commissie Wateren Almere","description":"Hengelsportvereniging Almere","potentialAction":[{"@type":"SearchAction","target":{"@type":"EntryPoint","urlTemplate":"https:\/\/www.hsvalmere.nl\/bcwa\/?s={search_term_string}"},"query-input":{"@type":"PropertyValueSpecification","valueRequired":true,"valueName":"search_term_string"}}],"inLanguage":"nl-NL"}]}},"_links":{"self":[{"href":"https:\/\/www.hsvalmere.nl\/bcwa\/wp-json\/wp\/v2\/pages\/645","targetHints":{"allow":["GET"]}}],"collection":[{"href":"https:\/\/www.hsvalmere.nl\/bcwa\/wp-json\/wp\/v2\/pages"}],"about":[{"href":"https:\/\/www.hsvalmere.nl\/bcwa\/wp-json\/wp\/v2\/types\/page"}],"author":[{"embeddable":true,"href":"https:\/\/www.hsvalmere.nl\/bcwa\/wp-json\/wp\/v2\/users\/3"}],"replies":[{"embeddable":true,"href":"https:\/\/www.hsvalmere.nl\/bcwa\/wp-json\/wp\/v2\/comments?post=645"}],"version-history":[{"count":3,"href":"https:\/\/www.hsvalmere.nl\/bcwa\/wp-json\/wp\/v2\/pages\/645\/revisions"}],"predecessor-version":[{"id":649,"href":"https:\/\/www.hsvalmere.nl\/bcwa\/wp-json\/wp\/v2\/pages\/645\/revisions\/649"}],"wp:attachment":[{"href":"https:\/\/www.hsvalmere.nl\/bcwa\/wp-json\/wp\/v2\/media?parent=645"}],"curies":[{"name":"wp","href":"https:\/\/api.w.org\/{rel}","templated":true}]}}