{"id":250,"date":"2014-05-23T21:55:56","date_gmt":"2014-05-23T20:55:56","guid":{"rendered":"https:\/\/www.hsvalmere.nl\/bcwa\/?page_id=250"},"modified":"2014-05-23T21:55:56","modified_gmt":"2014-05-23T20:55:56","slug":"skp-filmpje","status":"publish","type":"page","link":"https:\/\/www.hsvalmere.nl\/bcwa\/skp-filmpje\/","title":{"rendered":"SKP filmpje"},"content":{"rendered":"<p><img loading=\"lazy\" decoding=\"async\" class=\"alignleft wp-image-229 size-full\" src=\"https:\/\/www.hsvalmere.nl\/bcwa\/files\/2014\/05\/144.jpg\" alt=\"144\" width=\"160\" height=\"131\" \/>Dat er momenteel zoveel goedlopende SKP&#8217;en zijn is over het algemeen te danken aan een aantal mensen die daar vanaf het eerste uur bij betrokken zijn geweest. E\u00e9n van die mensen is Joris Weitjens, een SKP man in hart en nieren, en ook voor \u00f3ns een vraagbaak wanneer dat nodig is. Boudewijn Margadant heeft hem ge\u00efnterviewd, en daar is een bijzonder leuk filmpje uit ontstaan. Ga er vooral even rustig voor zitten, en klik\u00a0<a href=\"https:\/\/www.youtube.com\/watch?v=Esn94O8CSPc&amp;feature=player_embedded#!\" target=\"_blank\">hier<\/a> om de film te starten.<\/p>\n","protected":false},"excerpt":{"rendered":"<p>Dat er momenteel zoveel goedlopende SKP&#8217;en zijn is over het algemeen te danken aan een aantal mensen die daar vanaf het eerste uur bij betrokken zijn geweest. E\u00e9n van die mensen is Joris Weitjens, een SKP man in hart en nieren, en ook voor \u00f3ns een vraagbaak wanneer dat nodig is. Boudewijn Margadant heeft hem [&hellip;]<\/p>\n","protected":false},"author":3,"featured_media":0,"parent":0,"menu_order":0,"comment_status":"closed","ping_status":"closed","template":"","meta":{"_et_pb_use_builder":"","_et_pb_old_content":"","_et_gb_content_width":"","footnotes":""},"class_list":["post-250","page","type-page","status-publish","hentry"],"yoast_head":"<!-- This site is optimized with the Yoast SEO plugin v27.5 - https:\/\/yoast.com\/product\/yoast-seo-wordpress\/ -->\n<title>SKP filmpje - Beheer Commissie Wateren Almere<\/title>\n<meta name=\"robots\" content=\"index, follow, max-snippet:-1, max-image-preview:large, max-video-preview:-1\" \/>\n<link rel=\"canonical\" href=\"https:\/\/www.hsvalmere.nl\/bcwa\/skp-filmpje\/\" \/>\n<meta property=\"og:locale\" content=\"nl_NL\" \/>\n<meta property=\"og:type\" content=\"article\" \/>\n<meta property=\"og:title\" content=\"SKP filmpje - Beheer Commissie Wateren Almere\" \/>\n<meta property=\"og:description\" content=\"Dat er momenteel zoveel goedlopende SKP&#8217;en zijn is over het algemeen te danken aan een aantal mensen die daar vanaf het eerste uur bij betrokken zijn geweest. E\u00e9n van die mensen is Joris Weitjens, een SKP man in hart en nieren, en ook voor \u00f3ns een vraagbaak wanneer dat nodig is. Boudewijn Margadant heeft hem [&hellip;]\" \/>\n<meta property=\"og:url\" content=\"https:\/\/www.hsvalmere.nl\/bcwa\/skp-filmpje\/\" \/>\n<meta property=\"og:site_name\" content=\"Beheer Commissie Wateren Almere\" \/>\n<meta property=\"og:image\" content=\"https:\/\/www.hsvalmere.nl\/bcwa\/files\/2014\/05\/144.jpg\" \/>\n<script type=\"application\/ld+json\" class=\"yoast-schema-graph\">{\"@context\":\"https:\\\/\\\/schema.org\",\"@graph\":[{\"@type\":\"WebPage\",\"@id\":\"https:\\\/\\\/www.hsvalmere.nl\\\/bcwa\\\/skp-filmpje\\\/\",\"url\":\"https:\\\/\\\/www.hsvalmere.nl\\\/bcwa\\\/skp-filmpje\\\/\",\"name\":\"SKP filmpje - Beheer Commissie Wateren Almere\",\"isPartOf\":{\"@id\":\"https:\\\/\\\/www.hsvalmere.nl\\\/bcwa\\\/#website\"},\"primaryImageOfPage\":{\"@id\":\"https:\\\/\\\/www.hsvalmere.nl\\\/bcwa\\\/skp-filmpje\\\/#primaryimage\"},\"image\":{\"@id\":\"https:\\\/\\\/www.hsvalmere.nl\\\/bcwa\\\/skp-filmpje\\\/#primaryimage\"},\"thumbnailUrl\":\"https:\\\/\\\/www.hsvalmere.nl\\\/bcwa\\\/files\\\/2014\\\/05\\\/144.jpg\",\"datePublished\":\"2014-05-23T20:55:56+00:00\",\"breadcrumb\":{\"@id\":\"https:\\\/\\\/www.hsvalmere.nl\\\/bcwa\\\/skp-filmpje\\\/#breadcrumb\"},\"inLanguage\":\"nl-NL\",\"potentialAction\":[{\"@type\":\"ReadAction\",\"target\":[\"https:\\\/\\\/www.hsvalmere.nl\\\/bcwa\\\/skp-filmpje\\\/\"]}]},{\"@type\":\"ImageObject\",\"inLanguage\":\"nl-NL\",\"@id\":\"https:\\\/\\\/www.hsvalmere.nl\\\/bcwa\\\/skp-filmpje\\\/#primaryimage\",\"url\":\"https:\\\/\\\/www.hsvalmere.nl\\\/bcwa\\\/files\\\/2014\\\/05\\\/144.jpg\",\"contentUrl\":\"https:\\\/\\\/www.hsvalmere.nl\\\/bcwa\\\/files\\\/2014\\\/05\\\/144.jpg\",\"width\":160,\"height\":131},{\"@type\":\"BreadcrumbList\",\"@id\":\"https:\\\/\\\/www.hsvalmere.nl\\\/bcwa\\\/skp-filmpje\\\/#breadcrumb\",\"itemListElement\":[{\"@type\":\"ListItem\",\"position\":1,\"name\":\"Home\",\"item\":\"https:\\\/\\\/www.hsvalmere.nl\\\/bcwa\\\/\"},{\"@type\":\"ListItem\",\"position\":2,\"name\":\"SKP filmpje\"}]},{\"@type\":\"WebSite\",\"@id\":\"https:\\\/\\\/www.hsvalmere.nl\\\/bcwa\\\/#website\",\"url\":\"https:\\\/\\\/www.hsvalmere.nl\\\/bcwa\\\/\",\"name\":\"Beheer Commissie Wateren Almere\",\"description\":\"Hengelsportvereniging Almere\",\"potentialAction\":[{\"@type\":\"SearchAction\",\"target\":{\"@type\":\"EntryPoint\",\"urlTemplate\":\"https:\\\/\\\/www.hsvalmere.nl\\\/bcwa\\\/?s={search_term_string}\"},\"query-input\":{\"@type\":\"PropertyValueSpecification\",\"valueRequired\":true,\"valueName\":\"search_term_string\"}}],\"inLanguage\":\"nl-NL\"}]}<\/script>\n<!-- \/ Yoast SEO plugin. -->","yoast_head_json":{"title":"SKP filmpje - Beheer Commissie Wateren Almere","robots":{"index":"index","follow":"follow","max-snippet":"max-snippet:-1","max-image-preview":"max-image-preview:large","max-video-preview":"max-video-preview:-1"},"canonical":"https:\/\/www.hsvalmere.nl\/bcwa\/skp-filmpje\/","og_locale":"nl_NL","og_type":"article","og_title":"SKP filmpje - Beheer Commissie Wateren Almere","og_description":"Dat er momenteel zoveel goedlopende SKP&#8217;en zijn is over het algemeen te danken aan een aantal mensen die daar vanaf het eerste uur bij betrokken zijn geweest. E\u00e9n van die mensen is Joris Weitjens, een SKP man in hart en nieren, en ook voor \u00f3ns een vraagbaak wanneer dat nodig is. Boudewijn Margadant heeft hem [&hellip;]","og_url":"https:\/\/www.hsvalmere.nl\/bcwa\/skp-filmpje\/","og_site_name":"Beheer Commissie Wateren Almere","og_image":[{"url":"https:\/\/www.hsvalmere.nl\/bcwa\/files\/2014\/05\/144.jpg","type":"","width":"","height":""}],"schema":{"@context":"https:\/\/schema.org","@graph":[{"@type":"WebPage","@id":"https:\/\/www.hsvalmere.nl\/bcwa\/skp-filmpje\/","url":"https:\/\/www.hsvalmere.nl\/bcwa\/skp-filmpje\/","name":"SKP filmpje - Beheer Commissie Wateren Almere","isPartOf":{"@id":"https:\/\/www.hsvalmere.nl\/bcwa\/#website"},"primaryImageOfPage":{"@id":"https:\/\/www.hsvalmere.nl\/bcwa\/skp-filmpje\/#primaryimage"},"image":{"@id":"https:\/\/www.hsvalmere.nl\/bcwa\/skp-filmpje\/#primaryimage"},"thumbnailUrl":"https:\/\/www.hsvalmere.nl\/bcwa\/files\/2014\/05\/144.jpg","datePublished":"2014-05-23T20:55:56+00:00","breadcrumb":{"@id":"https:\/\/www.hsvalmere.nl\/bcwa\/skp-filmpje\/#breadcrumb"},"inLanguage":"nl-NL","potentialAction":[{"@type":"ReadAction","target":["https:\/\/www.hsvalmere.nl\/bcwa\/skp-filmpje\/"]}]},{"@type":"ImageObject","inLanguage":"nl-NL","@id":"https:\/\/www.hsvalmere.nl\/bcwa\/skp-filmpje\/#primaryimage","url":"https:\/\/www.hsvalmere.nl\/bcwa\/files\/2014\/05\/144.jpg","contentUrl":"https:\/\/www.hsvalmere.nl\/bcwa\/files\/2014\/05\/144.jpg","width":160,"height":131},{"@type":"BreadcrumbList","@id":"https:\/\/www.hsvalmere.nl\/bcwa\/skp-filmpje\/#breadcrumb","itemListElement":[{"@type":"ListItem","position":1,"name":"Home","item":"https:\/\/www.hsvalmere.nl\/bcwa\/"},{"@type":"ListItem","position":2,"name":"SKP filmpje"}]},{"@type":"WebSite","@id":"https:\/\/www.hsvalmere.nl\/bcwa\/#website","url":"https:\/\/www.hsvalmere.nl\/bcwa\/","name":"Beheer Commissie Wateren Almere","description":"Hengelsportvereniging Almere","potentialAction":[{"@type":"SearchAction","target":{"@type":"EntryPoint","urlTemplate":"https:\/\/www.hsvalmere.nl\/bcwa\/?s={search_term_string}"},"query-input":{"@type":"PropertyValueSpecification","valueRequired":true,"valueName":"search_term_string"}}],"inLanguage":"nl-NL"}]}},"_links":{"self":[{"href":"https:\/\/www.hsvalmere.nl\/bcwa\/wp-json\/wp\/v2\/pages\/250","targetHints":{"allow":["GET"]}}],"collection":[{"href":"https:\/\/www.hsvalmere.nl\/bcwa\/wp-json\/wp\/v2\/pages"}],"about":[{"href":"https:\/\/www.hsvalmere.nl\/bcwa\/wp-json\/wp\/v2\/types\/page"}],"author":[{"embeddable":true,"href":"https:\/\/www.hsvalmere.nl\/bcwa\/wp-json\/wp\/v2\/users\/3"}],"replies":[{"embeddable":true,"href":"https:\/\/www.hsvalmere.nl\/bcwa\/wp-json\/wp\/v2\/comments?post=250"}],"version-history":[{"count":1,"href":"https:\/\/www.hsvalmere.nl\/bcwa\/wp-json\/wp\/v2\/pages\/250\/revisions"}],"predecessor-version":[{"id":251,"href":"https:\/\/www.hsvalmere.nl\/bcwa\/wp-json\/wp\/v2\/pages\/250\/revisions\/251"}],"wp:attachment":[{"href":"https:\/\/www.hsvalmere.nl\/bcwa\/wp-json\/wp\/v2\/media?parent=250"}],"curies":[{"name":"wp","href":"https:\/\/api.w.org\/{rel}","templated":true}]}}